{"id":3901,"date":"2023-10-26T13:22:43","date_gmt":"2023-10-26T11:22:43","guid":{"rendered":"https:\/\/www.dff-logistics.com\/?page_id=3901"},"modified":"2023-11-01T13:17:33","modified_gmt":"2023-11-01T12:17:33","slug":"innerhalb-europas","status":"publish","type":"page","link":"https:\/\/www.dff-logistics.com\/de\/innerhalb-europas\/","title":{"rendered":"Bestimmungsorte &#8211; Europa"},"content":{"rendered":"<h1><strong>Bestimmungsorte innerhalb Europas<\/strong><\/h1>\n<p>Wenn Sie Waren innerhalb Europas transportieren m\u00f6chten, ist DFF Logistics die richtige Adresse. Als Teil der Dasko-Gruppe verf\u00fcgt DFF Logistics \u00fcber jahrelanges Wissen und Erfahrung im Bereich der logistischen Transporte in Europa. Unsere LKWs fahren beispielsweise w\u00f6chentlich verschiedene europ\u00e4ische L\u00e4nder wie Polen und Spanien an.<\/p>\n<h3>Stra\u00dfe<\/h3>\n<p>DFF Logistics ist sowohl auf K\u00fchl- als auch auf Tiefk\u00fchltransporte spezialisiert. Dank der fortschrittlichen Technologien in unseren K\u00fchltransportern k\u00f6nnen wir die Temperatur \u00fcberwachen. So k\u00f6nnen wir sicherstellen, dass Ihre Waren w\u00e4hrend des Transports die gew\u00fcnschte Temperatur beibehalten. Wir bef\u00f6rdern sowohl LTL- als auch FTL-Ladungen in europ\u00e4ische L\u00e4nder wie Belgien, Deutschland und Frankreich. So k\u00f6nnen wir ma\u00dfgeschneiderte Transporte anbieten.<\/p>\n<p><a class=\"btn btn-primary\" href=\"https:\/\/www.dff-logistics.com\/de\/diensten-strasse\/\">Mehr Informationen zum Stra\u00dfentransport?<\/a><\/p>\n<h3>Luft<\/h3>\n<p>M\u00fcssen Sie Ihre Waren schnell an einen Bestimmungsort innerhalb Europas schicken oder m\u00fcssen Ihre Waren schnell ankommen? Dann ist Luftfracht die einzige M\u00f6glichkeit. Wir finden f\u00fcr Sie die richtige Option, k\u00fcmmern uns um die erforderlichen (Zoll-)Dokumente und sorgen daf\u00fcr, dass Ihre Sendung sicher und ordnungsgem\u00e4\u00df am Zielort ankommt. Durch unser weltweites Netzwerk sind wir jederzeit f\u00fcr Sie da.<\/p>\n<p><a class=\"btn btn-primary\" href=\"https:\/\/www.dff-logistics.com\/de\/dienstleistungen-luft\/\">Mehr Informationen zum Lufttransport?<\/a><\/p>\n<h3><b>See<\/b><\/h3>\n<p>Die Bef\u00f6rderung von Containern ist eine unserer Hauptaktivit\u00e4ten. Wir k\u00f6nnen Ihre Waren sowohl an einen europ\u00e4ischen Hafen liefern als auch abholen. F\u00fcr unsere Fahrer sind die gro\u00dfen europ\u00e4ischen H\u00e4fen ein vertrautes Terrain. Dank unseres Fachwissens und unserer Erfahrung k\u00f6nnen wir sicherstellen, dass der Transport ganz auf Ihre Bed\u00fcrfnisse zugeschnitten ist.<\/p>\n<p><a class=\"btn btn-primary\" href=\"https:\/\/www.dff-logistics.com\/de\/dienstleistungen-see\/\">Mehr Informationen \u00fcber den Seetransport?<\/a><\/p>\n<h3><b>Preise<\/b><\/h3>\n<p>Die Preise f\u00fcr Logistik-Transporte in Europa h\u00e4ngen von verschiedenen Aspekten ab. So spielen beispielsweise die Be- und Entladeadresse, die Menge der G\u00fcter, das Gewicht und auch der Wert der G\u00fcter eine entscheidende Rolle.<\/p>\n<p>&nbsp;<\/p>\n<p>Sie interessieren sich f\u00fcr einen Transport <a href=\"https:\/\/www.dff-logistics.com\/de\/ausserhalb-europas\/\">au\u00dferhalb Europas<\/a>? Auch daf\u00fcr ist der DFF der richtige Partner!<\/p>\n<p>&nbsp;<\/p>\n","protected":false},"excerpt":{"rendered":"<p>Bestimmungsorte innerhalb Europas Wenn Sie Waren innerhalb Europas transportieren m\u00f6chten, ist DFF Logistics die richtige Adresse. Als Teil der Dasko-Gruppe verf\u00fcgt DFF Logistics \u00fcber jahrelanges Wissen und Erfahrung im Bereich der logistischen Transporte in Europa. Unsere LKWs fahren beispielsweise w\u00f6chentlich verschiedene europ\u00e4ische L\u00e4nder wie Polen und Spanien an. Stra\u00dfe DFF Logistics ist sowohl auf K\u00fchl- [&hellip;]<\/p>\n","protected":false},"author":5,"featured_media":0,"parent":0,"menu_order":0,"comment_status":"closed","ping_status":"closed","template":"page-templates\/page-sidebar-gallery.php","meta":{"_acf_changed":false,"footnotes":""},"class_list":["post-3901","page","type-page","status-publish","hentry"],"acf":[],"yoast_head":"<!-- This site is optimized with the Yoast SEO plugin v27.4 - https:\/\/yoast.com\/product\/yoast-seo-wordpress\/ -->\n<title>Bestimmungsorte - Europa - DFF Logistics<\/title>\n<meta name=\"description\" content=\"Wenn Sie Waren innerhalb Europas transportieren m\u00f6chten, ist DFF Logistics die richtige Adresse.\" \/>\n<meta name=\"robots\" content=\"index, follow, max-snippet:-1, max-image-preview:large, max-video-preview:-1\" \/>\n<link rel=\"canonical\" href=\"https:\/\/www.dff-logistics.com\/de\/innerhalb-europas\/\" \/>\n<meta property=\"og:locale\" content=\"de_DE\" \/>\n<meta property=\"og:type\" content=\"article\" \/>\n<meta property=\"og:title\" content=\"Bestimmungsorte - Europa - DFF Logistics\" \/>\n<meta property=\"og:description\" content=\"Wenn Sie Waren innerhalb Europas transportieren m\u00f6chten, ist DFF Logistics die richtige Adresse.\" \/>\n<meta property=\"og:url\" content=\"https:\/\/www.dff-logistics.com\/de\/innerhalb-europas\/\" \/>\n<meta property=\"og:site_name\" content=\"DFF Logistics\" \/>\n<meta property=\"article:modified_time\" content=\"2023-11-01T12:17:33+00:00\" \/>\n<meta name=\"twitter:card\" content=\"summary_large_image\" \/>\n<meta name=\"twitter:label1\" content=\"Gesch\u00e4tzte Lesezeit\" \/>\n\t<meta name=\"twitter:data1\" content=\"2\u00a0Minuten\" \/>\n<script type=\"application\/ld+json\" class=\"yoast-schema-graph\">{\"@context\":\"https:\\\/\\\/schema.org\",\"@graph\":[{\"@type\":\"WebPage\",\"@id\":\"https:\\\/\\\/www.dff-logistics.com\\\/de\\\/innerhalb-europas\\\/\",\"url\":\"https:\\\/\\\/www.dff-logistics.com\\\/de\\\/innerhalb-europas\\\/\",\"name\":\"Bestimmungsorte - Europa - DFF Logistics\",\"isPartOf\":{\"@id\":\"https:\\\/\\\/www.dff-logistics.com\\\/#website\"},\"datePublished\":\"2023-10-26T11:22:43+00:00\",\"dateModified\":\"2023-11-01T12:17:33+00:00\",\"description\":\"Wenn Sie Waren innerhalb Europas transportieren m\u00f6chten, ist DFF Logistics die richtige Adresse.\",\"inLanguage\":\"de\",\"potentialAction\":[{\"@type\":\"ReadAction\",\"target\":[\"https:\\\/\\\/www.dff-logistics.com\\\/de\\\/innerhalb-europas\\\/\"]}]},{\"@type\":\"WebSite\",\"@id\":\"https:\\\/\\\/www.dff-logistics.com\\\/#website\",\"url\":\"https:\\\/\\\/www.dff-logistics.com\\\/\",\"name\":\"DFF Logistics\",\"description\":\"\",\"potentialAction\":[{\"@type\":\"SearchAction\",\"target\":{\"@type\":\"EntryPoint\",\"urlTemplate\":\"https:\\\/\\\/www.dff-logistics.com\\\/?s={search_term_string}\"},\"query-input\":{\"@type\":\"PropertyValueSpecification\",\"valueRequired\":true,\"valueName\":\"search_term_string\"}}],\"inLanguage\":\"de\"}]}<\/script>\n<!-- \/ Yoast SEO plugin. -->","yoast_head_json":{"title":"Bestimmungsorte - Europa - DFF Logistics","description":"Wenn Sie Waren innerhalb Europas transportieren m\u00f6chten, ist DFF Logistics die richtige Adresse.","robots":{"index":"index","follow":"follow","max-snippet":"max-snippet:-1","max-image-preview":"max-image-preview:large","max-video-preview":"max-video-preview:-1"},"canonical":"https:\/\/www.dff-logistics.com\/de\/innerhalb-europas\/","og_locale":"de_DE","og_type":"article","og_title":"Bestimmungsorte - Europa - DFF Logistics","og_description":"Wenn Sie Waren innerhalb Europas transportieren m\u00f6chten, ist DFF Logistics die richtige Adresse.","og_url":"https:\/\/www.dff-logistics.com\/de\/innerhalb-europas\/","og_site_name":"DFF Logistics","article_modified_time":"2023-11-01T12:17:33+00:00","twitter_card":"summary_large_image","twitter_misc":{"Gesch\u00e4tzte Lesezeit":"2\u00a0Minuten"},"schema":{"@context":"https:\/\/schema.org","@graph":[{"@type":"WebPage","@id":"https:\/\/www.dff-logistics.com\/de\/innerhalb-europas\/","url":"https:\/\/www.dff-logistics.com\/de\/innerhalb-europas\/","name":"Bestimmungsorte - Europa - DFF Logistics","isPartOf":{"@id":"https:\/\/www.dff-logistics.com\/#website"},"datePublished":"2023-10-26T11:22:43+00:00","dateModified":"2023-11-01T12:17:33+00:00","description":"Wenn Sie Waren innerhalb Europas transportieren m\u00f6chten, ist DFF Logistics die richtige Adresse.","inLanguage":"de","potentialAction":[{"@type":"ReadAction","target":["https:\/\/www.dff-logistics.com\/de\/innerhalb-europas\/"]}]},{"@type":"WebSite","@id":"https:\/\/www.dff-logistics.com\/#website","url":"https:\/\/www.dff-logistics.com\/","name":"DFF Logistics","description":"","potentialAction":[{"@type":"SearchAction","target":{"@type":"EntryPoint","urlTemplate":"https:\/\/www.dff-logistics.com\/?s={search_term_string}"},"query-input":{"@type":"PropertyValueSpecification","valueRequired":true,"valueName":"search_term_string"}}],"inLanguage":"de"}]}},"_links":{"self":[{"href":"https:\/\/www.dff-logistics.com\/de\/wp-json\/wp\/v2\/pages\/3901","targetHints":{"allow":["GET"]}}],"collection":[{"href":"https:\/\/www.dff-logistics.com\/de\/wp-json\/wp\/v2\/pages"}],"about":[{"href":"https:\/\/www.dff-logistics.com\/de\/wp-json\/wp\/v2\/types\/page"}],"author":[{"embeddable":true,"href":"https:\/\/www.dff-logistics.com\/de\/wp-json\/wp\/v2\/users\/5"}],"replies":[{"embeddable":true,"href":"https:\/\/www.dff-logistics.com\/de\/wp-json\/wp\/v2\/comments?post=3901"}],"version-history":[{"count":2,"href":"https:\/\/www.dff-logistics.com\/de\/wp-json\/wp\/v2\/pages\/3901\/revisions"}],"predecessor-version":[{"id":4030,"href":"https:\/\/www.dff-logistics.com\/de\/wp-json\/wp\/v2\/pages\/3901\/revisions\/4030"}],"wp:attachment":[{"href":"https:\/\/www.dff-logistics.com\/de\/wp-json\/wp\/v2\/media?parent=3901"}],"curies":[{"name":"wp","href":"https:\/\/api.w.org\/{rel}","templated":true}]}}