{"id":3878,"date":"2023-10-26T11:45:30","date_gmt":"2023-10-26T09:45:30","guid":{"rendered":"https:\/\/www.dff-logistics.com\/?page_id=3878"},"modified":"2023-11-01T10:13:56","modified_gmt":"2023-11-01T09:13:56","slug":"dienstleistungen-see","status":"publish","type":"page","link":"https:\/\/www.dff-logistics.com\/de\/dienstleistungen-see\/","title":{"rendered":"Dienstleistungen &#8211; See"},"content":{"rendered":"<h1><strong>See<\/strong><\/h1>\n<p>DFF Logistics ist auf den logistischen Seetransport spezialisiert. Sie k\u00f6nnen sich an uns wenden, um Ihre Waren per Seefracht auf die von Ihnen gew\u00fcnschte Weise transportieren zu lassen. Ob es sich um eine 20FT-Palette oder einen kompletten Container handelt. Durch unser gro\u00dfes Netzwerk und die vielen Agenten, die wir weltweit haben, k\u00f6nnen wir f\u00fcr Sie weltweite Transporte per Seefracht realisieren.<\/p>\n<p>Warum Seefracht durch DFF Logistics transportieren lassen?<\/p>\n<ul>\n<li style=\"font-weight: 400;\" aria-level=\"1\">Sie haben einen festen Ansprechpartner.<\/li>\n<li style=\"font-weight: 400;\" aria-level=\"1\">Sie erhalten von uns eine ma\u00dfgeschneiderte Beratung.<\/li>\n<li style=\"font-weight: 400;\" aria-level=\"1\">Profitieren Sie von unserem Wissen \u00fcber Zollformalit\u00e4ten, Transport und Vorschriften.<\/li>\n<li style=\"font-weight: 400;\" aria-level=\"1\">Lassen Sie Ihren gesamten Transportprozess von A bis Z abwickeln.<\/li>\n<\/ul>\n<h3><strong>M\u00f6chten Sie mehr \u00fcber logistische Transporte auf dem Seeweg erfahren?<\/strong><\/h3>\n<p>Dann nehmen Sie <a href=\"https:\/\/www.dff-logistics.com\/de\/contact\/\">Kontakt<\/a> mit uns auf. Dank unserer Flexibilit\u00e4t, unseres Wissens und unserer Erfahrung sorgen wir daf\u00fcr, dass der Transportweg all Ihren Anforderungen entspricht.<\/p>\n<p><img loading=\"lazy\" decoding=\"async\" class=\"alignnone wp-image-765 size-large img-fluid\" src=\"https:\/\/www.dff-logistics.com\/wp-content\/uploads\/2022\/05\/Afbeelding1-1024x571.png\" alt=\"Logistiek transport via de zee - Tabel\" width=\"1000\" height=\"558\" srcset=\"https:\/\/www.dff-logistics.com\/wp-content\/uploads\/2022\/05\/Afbeelding1-1024x571.png 1024w, https:\/\/www.dff-logistics.com\/wp-content\/uploads\/2022\/05\/Afbeelding1-300x167.png 300w, https:\/\/www.dff-logistics.com\/wp-content\/uploads\/2022\/05\/Afbeelding1-768x428.png 768w, https:\/\/www.dff-logistics.com\/wp-content\/uploads\/2022\/05\/Afbeelding1.png 1504w\" sizes=\"auto, (max-width: 1000px) 100vw, 1000px\" \/><\/p>\n<h3>Preise<\/h3>\n<p>Die Preise f\u00fcr logistische Transporte auf dem Seeweg h\u00e4ngen von verschiedenen Aspekten ab, z. B. von der Abhol- und Zieladresse, dem Liefertermin und dem Umfang der Ladung. Sind Sie neugierig auf die Kosten? Dann fordern Sie ein unverbindliches Angebot an.<\/p>\n<p>&nbsp;<\/p>\n<p>Interessiert? Wir w\u00fcrden uns freuen, die M\u00f6glichkeiten mit Ihnen zu besprechen! <a href=\"https:\/\/www.dff-logistics.com\/de\/contact\/\">Kontaktieren<\/a> Sie uns einfach.<\/p>\n","protected":false},"excerpt":{"rendered":"<p>See DFF Logistics ist auf den logistischen Seetransport spezialisiert. Sie k\u00f6nnen sich an uns wenden, um Ihre Waren per Seefracht auf die von Ihnen gew\u00fcnschte Weise transportieren zu lassen. Ob es sich um eine 20FT-Palette oder einen kompletten Container handelt. Durch unser gro\u00dfes Netzwerk und die vielen Agenten, die wir weltweit haben, k\u00f6nnen wir f\u00fcr [&hellip;]<\/p>\n","protected":false},"author":5,"featured_media":2367,"parent":0,"menu_order":0,"comment_status":"closed","ping_status":"closed","template":"page-templates\/page-sidebar-gallery.php","meta":{"_acf_changed":false,"footnotes":""},"class_list":["post-3878","page","type-page","status-publish","has-post-thumbnail","hentry"],"acf":[],"yoast_head":"<!-- This site is optimized with the Yoast SEO plugin v27.4 - https:\/\/yoast.com\/product\/yoast-seo-wordpress\/ -->\n<title>Dienstleistungen - See - DFF Logistics<\/title>\n<meta name=\"description\" content=\"DFF Logistics ist auf den logistischen Seetransport spezialisiert. Sie k\u00f6nnen uns f\u00fcr Informationen kontaktieren.\" \/>\n<meta name=\"robots\" content=\"index, follow, max-snippet:-1, max-image-preview:large, max-video-preview:-1\" \/>\n<link rel=\"canonical\" href=\"https:\/\/www.dff-logistics.com\/de\/dienstleistungen-see\/\" \/>\n<meta property=\"og:locale\" content=\"de_DE\" \/>\n<meta property=\"og:type\" content=\"article\" \/>\n<meta property=\"og:title\" content=\"Dienstleistungen - See - DFF Logistics\" \/>\n<meta property=\"og:description\" content=\"DFF Logistics ist auf den logistischen Seetransport spezialisiert. Sie k\u00f6nnen uns f\u00fcr Informationen kontaktieren.\" \/>\n<meta property=\"og:url\" content=\"https:\/\/www.dff-logistics.com\/de\/dienstleistungen-see\/\" \/>\n<meta property=\"og:site_name\" content=\"DFF Logistics\" \/>\n<meta property=\"article:modified_time\" content=\"2023-11-01T09:13:56+00:00\" \/>\n<meta property=\"og:image\" content=\"https:\/\/www.dff-logistics.com\/wp-content\/uploads\/2022\/08\/chuttersnap-5Rlrs3sKVJU-unsplash-scaled-1.jpg\" \/>\n\t<meta property=\"og:image:width\" content=\"2560\" \/>\n\t<meta property=\"og:image:height\" content=\"1707\" \/>\n\t<meta property=\"og:image:type\" content=\"image\/jpeg\" \/>\n<meta name=\"twitter:card\" content=\"summary_large_image\" \/>\n<meta name=\"twitter:label1\" content=\"Gesch\u00e4tzte Lesezeit\" \/>\n\t<meta name=\"twitter:data1\" content=\"2\u00a0Minuten\" \/>\n<script type=\"application\/ld+json\" class=\"yoast-schema-graph\">{\"@context\":\"https:\\\/\\\/schema.org\",\"@graph\":[{\"@type\":\"WebPage\",\"@id\":\"https:\\\/\\\/www.dff-logistics.com\\\/de\\\/dienstleistungen-see\\\/\",\"url\":\"https:\\\/\\\/www.dff-logistics.com\\\/de\\\/dienstleistungen-see\\\/\",\"name\":\"Dienstleistungen - See - DFF Logistics\",\"isPartOf\":{\"@id\":\"https:\\\/\\\/www.dff-logistics.com\\\/#website\"},\"primaryImageOfPage\":{\"@id\":\"https:\\\/\\\/www.dff-logistics.com\\\/de\\\/dienstleistungen-see\\\/#primaryimage\"},\"image\":{\"@id\":\"https:\\\/\\\/www.dff-logistics.com\\\/de\\\/dienstleistungen-see\\\/#primaryimage\"},\"thumbnailUrl\":\"https:\\\/\\\/www.dff-logistics.com\\\/wp-content\\\/uploads\\\/2022\\\/08\\\/chuttersnap-5Rlrs3sKVJU-unsplash-scaled-1.jpg\",\"datePublished\":\"2023-10-26T09:45:30+00:00\",\"dateModified\":\"2023-11-01T09:13:56+00:00\",\"description\":\"DFF Logistics ist auf den logistischen Seetransport spezialisiert. Sie k\u00f6nnen uns f\u00fcr Informationen kontaktieren.\",\"inLanguage\":\"de\",\"potentialAction\":[{\"@type\":\"ReadAction\",\"target\":[\"https:\\\/\\\/www.dff-logistics.com\\\/de\\\/dienstleistungen-see\\\/\"]}]},{\"@type\":\"ImageObject\",\"inLanguage\":\"de\",\"@id\":\"https:\\\/\\\/www.dff-logistics.com\\\/de\\\/dienstleistungen-see\\\/#primaryimage\",\"url\":\"https:\\\/\\\/www.dff-logistics.com\\\/wp-content\\\/uploads\\\/2022\\\/08\\\/chuttersnap-5Rlrs3sKVJU-unsplash-scaled-1.jpg\",\"contentUrl\":\"https:\\\/\\\/www.dff-logistics.com\\\/wp-content\\\/uploads\\\/2022\\\/08\\\/chuttersnap-5Rlrs3sKVJU-unsplash-scaled-1.jpg\",\"width\":2560,\"height\":1707,\"caption\":\"Vrachtschip - Sea\"},{\"@type\":\"WebSite\",\"@id\":\"https:\\\/\\\/www.dff-logistics.com\\\/#website\",\"url\":\"https:\\\/\\\/www.dff-logistics.com\\\/\",\"name\":\"DFF Logistics\",\"description\":\"\",\"potentialAction\":[{\"@type\":\"SearchAction\",\"target\":{\"@type\":\"EntryPoint\",\"urlTemplate\":\"https:\\\/\\\/www.dff-logistics.com\\\/?s={search_term_string}\"},\"query-input\":{\"@type\":\"PropertyValueSpecification\",\"valueRequired\":true,\"valueName\":\"search_term_string\"}}],\"inLanguage\":\"de\"}]}<\/script>\n<!-- \/ Yoast SEO plugin. -->","yoast_head_json":{"title":"Dienstleistungen - See - DFF Logistics","description":"DFF Logistics ist auf den logistischen Seetransport spezialisiert. Sie k\u00f6nnen uns f\u00fcr Informationen kontaktieren.","robots":{"index":"index","follow":"follow","max-snippet":"max-snippet:-1","max-image-preview":"max-image-preview:large","max-video-preview":"max-video-preview:-1"},"canonical":"https:\/\/www.dff-logistics.com\/de\/dienstleistungen-see\/","og_locale":"de_DE","og_type":"article","og_title":"Dienstleistungen - See - DFF Logistics","og_description":"DFF Logistics ist auf den logistischen Seetransport spezialisiert. Sie k\u00f6nnen uns f\u00fcr Informationen kontaktieren.","og_url":"https:\/\/www.dff-logistics.com\/de\/dienstleistungen-see\/","og_site_name":"DFF Logistics","article_modified_time":"2023-11-01T09:13:56+00:00","og_image":[{"width":2560,"height":1707,"url":"https:\/\/www.dff-logistics.com\/wp-content\/uploads\/2022\/08\/chuttersnap-5Rlrs3sKVJU-unsplash-scaled-1.jpg","type":"image\/jpeg"}],"twitter_card":"summary_large_image","twitter_misc":{"Gesch\u00e4tzte Lesezeit":"2\u00a0Minuten"},"schema":{"@context":"https:\/\/schema.org","@graph":[{"@type":"WebPage","@id":"https:\/\/www.dff-logistics.com\/de\/dienstleistungen-see\/","url":"https:\/\/www.dff-logistics.com\/de\/dienstleistungen-see\/","name":"Dienstleistungen - See - DFF Logistics","isPartOf":{"@id":"https:\/\/www.dff-logistics.com\/#website"},"primaryImageOfPage":{"@id":"https:\/\/www.dff-logistics.com\/de\/dienstleistungen-see\/#primaryimage"},"image":{"@id":"https:\/\/www.dff-logistics.com\/de\/dienstleistungen-see\/#primaryimage"},"thumbnailUrl":"https:\/\/www.dff-logistics.com\/wp-content\/uploads\/2022\/08\/chuttersnap-5Rlrs3sKVJU-unsplash-scaled-1.jpg","datePublished":"2023-10-26T09:45:30+00:00","dateModified":"2023-11-01T09:13:56+00:00","description":"DFF Logistics ist auf den logistischen Seetransport spezialisiert. Sie k\u00f6nnen uns f\u00fcr Informationen kontaktieren.","inLanguage":"de","potentialAction":[{"@type":"ReadAction","target":["https:\/\/www.dff-logistics.com\/de\/dienstleistungen-see\/"]}]},{"@type":"ImageObject","inLanguage":"de","@id":"https:\/\/www.dff-logistics.com\/de\/dienstleistungen-see\/#primaryimage","url":"https:\/\/www.dff-logistics.com\/wp-content\/uploads\/2022\/08\/chuttersnap-5Rlrs3sKVJU-unsplash-scaled-1.jpg","contentUrl":"https:\/\/www.dff-logistics.com\/wp-content\/uploads\/2022\/08\/chuttersnap-5Rlrs3sKVJU-unsplash-scaled-1.jpg","width":2560,"height":1707,"caption":"Vrachtschip - Sea"},{"@type":"WebSite","@id":"https:\/\/www.dff-logistics.com\/#website","url":"https:\/\/www.dff-logistics.com\/","name":"DFF Logistics","description":"","potentialAction":[{"@type":"SearchAction","target":{"@type":"EntryPoint","urlTemplate":"https:\/\/www.dff-logistics.com\/?s={search_term_string}"},"query-input":{"@type":"PropertyValueSpecification","valueRequired":true,"valueName":"search_term_string"}}],"inLanguage":"de"}]}},"_links":{"self":[{"href":"https:\/\/www.dff-logistics.com\/de\/wp-json\/wp\/v2\/pages\/3878","targetHints":{"allow":["GET"]}}],"collection":[{"href":"https:\/\/www.dff-logistics.com\/de\/wp-json\/wp\/v2\/pages"}],"about":[{"href":"https:\/\/www.dff-logistics.com\/de\/wp-json\/wp\/v2\/types\/page"}],"author":[{"embeddable":true,"href":"https:\/\/www.dff-logistics.com\/de\/wp-json\/wp\/v2\/users\/5"}],"replies":[{"embeddable":true,"href":"https:\/\/www.dff-logistics.com\/de\/wp-json\/wp\/v2\/comments?post=3878"}],"version-history":[{"count":2,"href":"https:\/\/www.dff-logistics.com\/de\/wp-json\/wp\/v2\/pages\/3878\/revisions"}],"predecessor-version":[{"id":4011,"href":"https:\/\/www.dff-logistics.com\/de\/wp-json\/wp\/v2\/pages\/3878\/revisions\/4011"}],"wp:featuredmedia":[{"embeddable":true,"href":"https:\/\/www.dff-logistics.com\/de\/wp-json\/wp\/v2\/media\/2367"}],"wp:attachment":[{"href":"https:\/\/www.dff-logistics.com\/de\/wp-json\/wp\/v2\/media?parent=3878"}],"curies":[{"name":"wp","href":"https:\/\/api.w.org\/{rel}","templated":true}]}}