{"id":347,"date":"2020-12-16T08:59:32","date_gmt":"2020-12-16T08:59:32","guid":{"rendered":"https:\/\/www.dff-logistics.com\/home\/"},"modified":"2023-11-01T13:15:41","modified_gmt":"2023-11-01T12:15:41","slug":"home","status":"publish","type":"page","link":"https:\/\/www.dff-logistics.com\/de\/","title":{"rendered":"Home"},"content":{"rendered":"<h1>Willkommen bei <strong>DFF Logistics<\/strong><\/h1>\n<p><strong>DFF Logistics sorgt daf\u00fcr, dass Ihre Waren effizient und schnell an in- und ausl\u00e4ndische Bestimmungsorte geliefert werden.<\/strong><\/p>\n<p>Dank unserer langj\u00e4hrigen Erfahrung in der Transportwelt verf\u00fcgen wir \u00fcber ein umfangreiches Partnernetz f\u00fcr verschiedene L\u00e4nder, wie z.B. die Benelux-Staaten, \u00d6sterreich, Italien, die Schweiz und Polen. Aber auch Transporte nach Skandinavien, S\u00fcdeuropa und in das Vereinigte K\u00f6nigreich sind m\u00f6glich. Wir bieten f\u00fcr jedes Land eine passende Transportl\u00f6sung.<br \/>\nKontaktieren Sie uns und sehen Sie, was wir f\u00fcr Sie tun k\u00f6nnen!<\/p>\n<p><a class=\"btn btn-primary\" href=\"https:\/\/www.dff-logistics.com\/de\/ueber-dff\/\">Mehr lesen<\/a><\/p>\n","protected":false},"excerpt":{"rendered":"<p>Willkommen bei DFF Logistics DFF Logistics sorgt daf\u00fcr, dass Ihre Waren effizient und schnell an in- und ausl\u00e4ndische Bestimmungsorte geliefert werden. Dank unserer langj\u00e4hrigen Erfahrung in der Transportwelt verf\u00fcgen wir \u00fcber ein umfangreiches Partnernetz f\u00fcr verschiedene L\u00e4nder, wie z.B. die Benelux-Staaten, \u00d6sterreich, Italien, die Schweiz und Polen. Aber auch Transporte nach Skandinavien, S\u00fcdeuropa und in [&hellip;]<\/p>\n","protected":false},"author":1,"featured_media":0,"parent":0,"menu_order":0,"comment_status":"closed","ping_status":"closed","template":"","meta":{"_acf_changed":false,"footnotes":""},"class_list":["post-347","page","type-page","status-publish","hentry"],"acf":[],"yoast_head":"<!-- This site is optimized with the Yoast SEO plugin v27.4 - https:\/\/yoast.com\/product\/yoast-seo-wordpress\/ -->\n<title>Home - DFF Logistics<\/title>\n<meta name=\"description\" content=\"DFF Logistics sorgt daf\u00fcr, dass Ihre Waren effizient und schnell an in- und ausl\u00e4ndische Bestimmungsorte geliefert werden.\" \/>\n<meta name=\"robots\" content=\"index, follow, max-snippet:-1, max-image-preview:large, max-video-preview:-1\" \/>\n<link rel=\"canonical\" href=\"https:\/\/www.dff-logistics.com\/de\/\" \/>\n<meta property=\"og:locale\" content=\"de_DE\" \/>\n<meta property=\"og:type\" content=\"article\" \/>\n<meta property=\"og:title\" content=\"Home - DFF Logistics\" \/>\n<meta property=\"og:description\" content=\"DFF Logistics sorgt daf\u00fcr, dass Ihre Waren effizient und schnell an in- und ausl\u00e4ndische Bestimmungsorte geliefert werden.\" \/>\n<meta property=\"og:url\" content=\"https:\/\/www.dff-logistics.com\/de\/\" \/>\n<meta property=\"og:site_name\" content=\"DFF Logistics\" \/>\n<meta property=\"article:modified_time\" content=\"2023-11-01T12:15:41+00:00\" \/>\n<meta name=\"twitter:card\" content=\"summary_large_image\" \/>\n<meta name=\"twitter:label1\" content=\"Gesch\u00e4tzte Lesezeit\" \/>\n\t<meta name=\"twitter:data1\" content=\"1\u00a0Minute\" \/>\n<script type=\"application\/ld+json\" class=\"yoast-schema-graph\">{\"@context\":\"https:\\\/\\\/schema.org\",\"@graph\":[{\"@type\":\"WebPage\",\"@id\":\"https:\\\/\\\/www.dff-logistics.com\\\/de\\\/\",\"url\":\"https:\\\/\\\/www.dff-logistics.com\\\/de\\\/\",\"name\":\"Home - DFF Logistics\",\"isPartOf\":{\"@id\":\"https:\\\/\\\/www.dff-logistics.com\\\/#website\"},\"datePublished\":\"2020-12-16T08:59:32+00:00\",\"dateModified\":\"2023-11-01T12:15:41+00:00\",\"description\":\"DFF Logistics sorgt daf\u00fcr, dass Ihre Waren effizient und schnell an in- und ausl\u00e4ndische Bestimmungsorte geliefert werden.\",\"inLanguage\":\"de\",\"potentialAction\":[{\"@type\":\"ReadAction\",\"target\":[\"https:\\\/\\\/www.dff-logistics.com\\\/de\\\/\"]}]},{\"@type\":\"WebSite\",\"@id\":\"https:\\\/\\\/www.dff-logistics.com\\\/#website\",\"url\":\"https:\\\/\\\/www.dff-logistics.com\\\/\",\"name\":\"DFF Logistics\",\"description\":\"\",\"potentialAction\":[{\"@type\":\"SearchAction\",\"target\":{\"@type\":\"EntryPoint\",\"urlTemplate\":\"https:\\\/\\\/www.dff-logistics.com\\\/?s={search_term_string}\"},\"query-input\":{\"@type\":\"PropertyValueSpecification\",\"valueRequired\":true,\"valueName\":\"search_term_string\"}}],\"inLanguage\":\"de\"}]}<\/script>\n<!-- \/ Yoast SEO plugin. -->","yoast_head_json":{"title":"Home - DFF Logistics","description":"DFF Logistics sorgt daf\u00fcr, dass Ihre Waren effizient und schnell an in- und ausl\u00e4ndische Bestimmungsorte geliefert werden.","robots":{"index":"index","follow":"follow","max-snippet":"max-snippet:-1","max-image-preview":"max-image-preview:large","max-video-preview":"max-video-preview:-1"},"canonical":"https:\/\/www.dff-logistics.com\/de\/","og_locale":"de_DE","og_type":"article","og_title":"Home - DFF Logistics","og_description":"DFF Logistics sorgt daf\u00fcr, dass Ihre Waren effizient und schnell an in- und ausl\u00e4ndische Bestimmungsorte geliefert werden.","og_url":"https:\/\/www.dff-logistics.com\/de\/","og_site_name":"DFF Logistics","article_modified_time":"2023-11-01T12:15:41+00:00","twitter_card":"summary_large_image","twitter_misc":{"Gesch\u00e4tzte Lesezeit":"1\u00a0Minute"},"schema":{"@context":"https:\/\/schema.org","@graph":[{"@type":"WebPage","@id":"https:\/\/www.dff-logistics.com\/de\/","url":"https:\/\/www.dff-logistics.com\/de\/","name":"Home - DFF Logistics","isPartOf":{"@id":"https:\/\/www.dff-logistics.com\/#website"},"datePublished":"2020-12-16T08:59:32+00:00","dateModified":"2023-11-01T12:15:41+00:00","description":"DFF Logistics sorgt daf\u00fcr, dass Ihre Waren effizient und schnell an in- und ausl\u00e4ndische Bestimmungsorte geliefert werden.","inLanguage":"de","potentialAction":[{"@type":"ReadAction","target":["https:\/\/www.dff-logistics.com\/de\/"]}]},{"@type":"WebSite","@id":"https:\/\/www.dff-logistics.com\/#website","url":"https:\/\/www.dff-logistics.com\/","name":"DFF Logistics","description":"","potentialAction":[{"@type":"SearchAction","target":{"@type":"EntryPoint","urlTemplate":"https:\/\/www.dff-logistics.com\/?s={search_term_string}"},"query-input":{"@type":"PropertyValueSpecification","valueRequired":true,"valueName":"search_term_string"}}],"inLanguage":"de"}]}},"_links":{"self":[{"href":"https:\/\/www.dff-logistics.com\/de\/wp-json\/wp\/v2\/pages\/347","targetHints":{"allow":["GET"]}}],"collection":[{"href":"https:\/\/www.dff-logistics.com\/de\/wp-json\/wp\/v2\/pages"}],"about":[{"href":"https:\/\/www.dff-logistics.com\/de\/wp-json\/wp\/v2\/types\/page"}],"author":[{"embeddable":true,"href":"https:\/\/www.dff-logistics.com\/de\/wp-json\/wp\/v2\/users\/1"}],"replies":[{"embeddable":true,"href":"https:\/\/www.dff-logistics.com\/de\/wp-json\/wp\/v2\/comments?post=347"}],"version-history":[{"count":6,"href":"https:\/\/www.dff-logistics.com\/de\/wp-json\/wp\/v2\/pages\/347\/revisions"}],"predecessor-version":[{"id":4027,"href":"https:\/\/www.dff-logistics.com\/de\/wp-json\/wp\/v2\/pages\/347\/revisions\/4027"}],"wp:attachment":[{"href":"https:\/\/www.dff-logistics.com\/de\/wp-json\/wp\/v2\/media?parent=347"}],"curies":[{"name":"wp","href":"https:\/\/api.w.org\/{rel}","templated":true}]}}