{"id":2790,"date":"2022-06-14T20:01:18","date_gmt":"2022-06-14T18:01:18","guid":{"rendered":"https:\/\/www.dff-logistics.com\/?page_id=2790"},"modified":"2023-11-02T14:52:39","modified_gmt":"2023-11-02T13:52:39","slug":"diensten-strasse","status":"publish","type":"page","link":"https:\/\/www.dff-logistics.com\/de\/diensten-strasse\/","title":{"rendered":"Dienstleistungen &#8211; Stra\u00dfe"},"content":{"rendered":"<h1><strong>Stra\u00dfe<\/strong><\/h1>\n<p>DFF bietet professionelle logistische Transporte auf der Stra\u00dfe an. Unsere Dienstleistungen umfassen den Transport von Tiefk\u00fchl- und K\u00fchlg\u00fctern sowie von Trockeng\u00fctern. Wir tun dies sowohl f\u00fcr L\u00e4nder innerhalb Europas als auch dar\u00fcber hinaus. Wir k\u00f6nnen ma\u00dfgeschneiderte Transporte anbieten. Sie k\u00f6nnen zwischen Teil- und Komplettladungen w\u00e4hlen.<\/p>\n<h3><b>Temperature Controlled<\/b><\/h3>\n<p>DFF Logistics hat sich auf den Transport von temperaturgef\u00fchrten Produkten spezialisiert. Die Produkte werden konditioniert zwischen -25 und +25 \u2103 transportiert. Wir gew\u00e4hrleisten eine feste Temperatur. So behalten die Produkte ihre Qualit\u00e4t. Temperaturgef\u00fchrte Produkte, die wir haupts\u00e4chlich transportieren, sind Fleisch, Fisch, Gem\u00fcse und Obst. Wir transportieren auch Medikamente und andere temperaturempfindliche Waren.<\/p>\n<h3><b>Dry goods<\/b><\/h3>\n<p>Wir bieten auch logistische Transporte auf der Stra\u00dfe f\u00fcr trockene G\u00fcter an, d. h. G\u00fcter, die keiner festen Temperatur unterliegen. Beispiele hierf\u00fcr sind: Baumaterialien, Teile f\u00fcr die Automobilindustrie und Lebensmittel. Die Waren kommen mit taktisch ausger\u00fcsteten LKWs auf die gew\u00fcnschte Weise an. Dadurch werden Besch\u00e4digungen und andere Pannen vermieden.<\/p>\n<h3><b>Groupage<\/b><\/h3>\n<p>Beim groupage werden mehrere Ladungen und Paletten mit einem Lkw transportiert. Dabei werden Ihre Waren zusammen mit anderen Waren transportiert. Der Sammelgutverkehr ist relativ langlebig. Denn der Raum, der sonst ungenutzt bleibt, wird mit Waren gef\u00fcllt. Auf diese Weise werden die Lkw optimal genutzt.<\/p>\n<h3><img loading=\"lazy\" decoding=\"async\" class=\"alignnone wp-image-798 img-fluid\" src=\"https:\/\/www.dff-logistics.com\/wp-content\/uploads\/2022\/05\/Road-DFF-300x169.jpg\" alt=\"Logistiek transport over de weg - DFF\" width=\"982\" height=\"553\" srcset=\"https:\/\/www.dff-logistics.com\/wp-content\/uploads\/2022\/05\/Road-DFF-300x169.jpg 300w, https:\/\/www.dff-logistics.com\/wp-content\/uploads\/2022\/05\/Road-DFF-1024x576.jpg 1024w, https:\/\/www.dff-logistics.com\/wp-content\/uploads\/2022\/05\/Road-DFF-768x432.jpg 768w, https:\/\/www.dff-logistics.com\/wp-content\/uploads\/2022\/05\/Road-DFF-1536x864.jpg 1536w, https:\/\/www.dff-logistics.com\/wp-content\/uploads\/2022\/05\/Road-DFF.jpg 1920w\" sizes=\"auto, (max-width: 982px) 100vw, 982px\" \/><\/h3>\n<h3><\/h3>\n<h3><b>LTL<\/b><\/h3>\n<p>Beim LTL-Verkehr (Less-than-Truck-Load) wird die Fracht geteilt. Im LTL-Verkehr werden die Paletten an verschiedenen Orten abgeholt. Die Lieferung erfolgt, wenn der Frachtraum voll ist. Sie sollten sich bewusst sein, dass Sie den Frachtraum mit anderen Unternehmen teilen. Das bedeutet, dass LTL nicht f\u00fcr Produkte geeignet ist, die sich den Laderaum nicht mit anderen Produkten teilen k\u00f6nnen.<\/p>\n<h3><b>FTL<\/b><\/h3>\n<p>Beim Full-Truck-Load-Transport (FTL) f\u00e4hrt ein Lkw in einem Zug von der Abholadresse zur Zieladresse. Der Lkw wird nur mit Ihren Waren beladen. Der Transportweg ist kurz, so dass Sie viel Zeit sparen und der FTL-Transport viel nachhaltiger ist als der LTL-Transport. FTL eignet sich f\u00fcr gro\u00dfe Ladungen oder f\u00fcr Unternehmen, die ihre Fracht nicht mit anderen Unternehmen teilen wollen oder k\u00f6nnen.<\/p>\n<h3><b>Tarife<\/b><\/h3>\n<p>Die Tarife f\u00fcr LTL und FTL h\u00e4ngen von verschiedenen Aspekten ab. Zum Beispiel von der Abhol- und Zieladresse, dem Liefertermin, der L\u00e4nge und dem Gewicht der Fracht. Sind Sie neugierig auf die Kosten f\u00fcr Ihren gesamten Logistik-Transport auf der Stra\u00dfe? <a href=\"https:\/\/www.dff-logistics.com\/offerte\/\">Dann fordern Sie ein unverbindliches Angebot an.<\/a><\/p>\n<p><strong>Interessiert? Wir w\u00fcrden uns freuen, die M\u00f6glichkeiten mit Ihnen zu besprechen! Bitte kontaktieren Sie uns unverbindlich.<\/strong><\/p>\n","protected":false},"excerpt":{"rendered":"<p>Stra\u00dfe DFF bietet professionelle logistische Transporte auf der Stra\u00dfe an. Unsere Dienstleistungen umfassen den Transport von Tiefk\u00fchl- und K\u00fchlg\u00fctern sowie von Trockeng\u00fctern. Wir tun dies sowohl f\u00fcr L\u00e4nder innerhalb Europas als auch dar\u00fcber hinaus. Wir k\u00f6nnen ma\u00dfgeschneiderte Transporte anbieten. Sie k\u00f6nnen zwischen Teil- und Komplettladungen w\u00e4hlen. Temperature Controlled DFF Logistics hat sich auf den Transport [&hellip;]<\/p>\n","protected":false},"author":5,"featured_media":0,"parent":0,"menu_order":0,"comment_status":"closed","ping_status":"closed","template":"page-templates\/page-sidebar-gallery.php","meta":{"_acf_changed":false,"footnotes":""},"class_list":["post-2790","page","type-page","status-publish","hentry"],"acf":[],"yoast_head":"<!-- This site is optimized with the Yoast SEO plugin v27.4 - https:\/\/yoast.com\/product\/yoast-seo-wordpress\/ -->\n<title>Logistischer Transport auf der Stra\u00dfe - DFF Logistics<\/title>\n<meta name=\"description\" content=\"DFF bietet professionelle logistische Transporte auf der Stra\u00dfe an. Wir tun dies sowohl f\u00fcr L\u00e4nder innerhalb Europas als auch dar\u00fcber hinaus.\" \/>\n<meta name=\"robots\" content=\"index, follow, max-snippet:-1, max-image-preview:large, max-video-preview:-1\" \/>\n<link rel=\"canonical\" href=\"https:\/\/www.dff-logistics.com\/de\/diensten-strasse\/\" \/>\n<meta property=\"og:locale\" content=\"de_DE\" \/>\n<meta property=\"og:type\" content=\"article\" \/>\n<meta property=\"og:title\" content=\"Logistischer Transport auf der Stra\u00dfe - DFF Logistics\" \/>\n<meta property=\"og:description\" content=\"DFF bietet professionelle logistische Transporte auf der Stra\u00dfe an. Wir tun dies sowohl f\u00fcr L\u00e4nder innerhalb Europas als auch dar\u00fcber hinaus.\" \/>\n<meta property=\"og:url\" content=\"https:\/\/www.dff-logistics.com\/de\/diensten-strasse\/\" \/>\n<meta property=\"og:site_name\" content=\"DFF Logistics\" \/>\n<meta property=\"article:modified_time\" content=\"2023-11-02T13:52:39+00:00\" \/>\n<meta property=\"og:image\" content=\"https:\/\/www.dff-logistics.com\/wp-content\/uploads\/2022\/05\/Road-DFF-300x169.jpg\" \/>\n<meta name=\"twitter:card\" content=\"summary_large_image\" \/>\n<meta name=\"twitter:label1\" content=\"Gesch\u00e4tzte Lesezeit\" \/>\n\t<meta name=\"twitter:data1\" content=\"3\u00a0Minuten\" \/>\n<script type=\"application\/ld+json\" class=\"yoast-schema-graph\">{\"@context\":\"https:\\\/\\\/schema.org\",\"@graph\":[{\"@type\":\"WebPage\",\"@id\":\"https:\\\/\\\/www.dff-logistics.com\\\/de\\\/diensten-strasse\\\/\",\"url\":\"https:\\\/\\\/www.dff-logistics.com\\\/de\\\/diensten-strasse\\\/\",\"name\":\"Logistischer Transport auf der Stra\u00dfe - DFF Logistics\",\"isPartOf\":{\"@id\":\"https:\\\/\\\/www.dff-logistics.com\\\/#website\"},\"primaryImageOfPage\":{\"@id\":\"https:\\\/\\\/www.dff-logistics.com\\\/de\\\/diensten-strasse\\\/#primaryimage\"},\"image\":{\"@id\":\"https:\\\/\\\/www.dff-logistics.com\\\/de\\\/diensten-strasse\\\/#primaryimage\"},\"thumbnailUrl\":\"https:\\\/\\\/www.dff-logistics.com\\\/wp-content\\\/uploads\\\/2022\\\/05\\\/Road-DFF-300x169.jpg\",\"datePublished\":\"2022-06-14T18:01:18+00:00\",\"dateModified\":\"2023-11-02T13:52:39+00:00\",\"description\":\"DFF bietet professionelle logistische Transporte auf der Stra\u00dfe an. Wir tun dies sowohl f\u00fcr L\u00e4nder innerhalb Europas als auch dar\u00fcber hinaus.\",\"inLanguage\":\"de\",\"potentialAction\":[{\"@type\":\"ReadAction\",\"target\":[\"https:\\\/\\\/www.dff-logistics.com\\\/de\\\/diensten-strasse\\\/\"]}]},{\"@type\":\"ImageObject\",\"inLanguage\":\"de\",\"@id\":\"https:\\\/\\\/www.dff-logistics.com\\\/de\\\/diensten-strasse\\\/#primaryimage\",\"url\":\"https:\\\/\\\/www.dff-logistics.com\\\/wp-content\\\/uploads\\\/2022\\\/05\\\/Road-DFF-300x169.jpg\",\"contentUrl\":\"https:\\\/\\\/www.dff-logistics.com\\\/wp-content\\\/uploads\\\/2022\\\/05\\\/Road-DFF-300x169.jpg\"},{\"@type\":\"WebSite\",\"@id\":\"https:\\\/\\\/www.dff-logistics.com\\\/#website\",\"url\":\"https:\\\/\\\/www.dff-logistics.com\\\/\",\"name\":\"DFF Logistics\",\"description\":\"\",\"potentialAction\":[{\"@type\":\"SearchAction\",\"target\":{\"@type\":\"EntryPoint\",\"urlTemplate\":\"https:\\\/\\\/www.dff-logistics.com\\\/?s={search_term_string}\"},\"query-input\":{\"@type\":\"PropertyValueSpecification\",\"valueRequired\":true,\"valueName\":\"search_term_string\"}}],\"inLanguage\":\"de\"}]}<\/script>\n<!-- \/ Yoast SEO plugin. -->","yoast_head_json":{"title":"Logistischer Transport auf der Stra\u00dfe - DFF Logistics","description":"DFF bietet professionelle logistische Transporte auf der Stra\u00dfe an. Wir tun dies sowohl f\u00fcr L\u00e4nder innerhalb Europas als auch dar\u00fcber hinaus.","robots":{"index":"index","follow":"follow","max-snippet":"max-snippet:-1","max-image-preview":"max-image-preview:large","max-video-preview":"max-video-preview:-1"},"canonical":"https:\/\/www.dff-logistics.com\/de\/diensten-strasse\/","og_locale":"de_DE","og_type":"article","og_title":"Logistischer Transport auf der Stra\u00dfe - DFF Logistics","og_description":"DFF bietet professionelle logistische Transporte auf der Stra\u00dfe an. Wir tun dies sowohl f\u00fcr L\u00e4nder innerhalb Europas als auch dar\u00fcber hinaus.","og_url":"https:\/\/www.dff-logistics.com\/de\/diensten-strasse\/","og_site_name":"DFF Logistics","article_modified_time":"2023-11-02T13:52:39+00:00","og_image":[{"url":"https:\/\/www.dff-logistics.com\/wp-content\/uploads\/2022\/05\/Road-DFF-300x169.jpg","type":"","width":"","height":""}],"twitter_card":"summary_large_image","twitter_misc":{"Gesch\u00e4tzte Lesezeit":"3\u00a0Minuten"},"schema":{"@context":"https:\/\/schema.org","@graph":[{"@type":"WebPage","@id":"https:\/\/www.dff-logistics.com\/de\/diensten-strasse\/","url":"https:\/\/www.dff-logistics.com\/de\/diensten-strasse\/","name":"Logistischer Transport auf der Stra\u00dfe - DFF Logistics","isPartOf":{"@id":"https:\/\/www.dff-logistics.com\/#website"},"primaryImageOfPage":{"@id":"https:\/\/www.dff-logistics.com\/de\/diensten-strasse\/#primaryimage"},"image":{"@id":"https:\/\/www.dff-logistics.com\/de\/diensten-strasse\/#primaryimage"},"thumbnailUrl":"https:\/\/www.dff-logistics.com\/wp-content\/uploads\/2022\/05\/Road-DFF-300x169.jpg","datePublished":"2022-06-14T18:01:18+00:00","dateModified":"2023-11-02T13:52:39+00:00","description":"DFF bietet professionelle logistische Transporte auf der Stra\u00dfe an. Wir tun dies sowohl f\u00fcr L\u00e4nder innerhalb Europas als auch dar\u00fcber hinaus.","inLanguage":"de","potentialAction":[{"@type":"ReadAction","target":["https:\/\/www.dff-logistics.com\/de\/diensten-strasse\/"]}]},{"@type":"ImageObject","inLanguage":"de","@id":"https:\/\/www.dff-logistics.com\/de\/diensten-strasse\/#primaryimage","url":"https:\/\/www.dff-logistics.com\/wp-content\/uploads\/2022\/05\/Road-DFF-300x169.jpg","contentUrl":"https:\/\/www.dff-logistics.com\/wp-content\/uploads\/2022\/05\/Road-DFF-300x169.jpg"},{"@type":"WebSite","@id":"https:\/\/www.dff-logistics.com\/#website","url":"https:\/\/www.dff-logistics.com\/","name":"DFF Logistics","description":"","potentialAction":[{"@type":"SearchAction","target":{"@type":"EntryPoint","urlTemplate":"https:\/\/www.dff-logistics.com\/?s={search_term_string}"},"query-input":{"@type":"PropertyValueSpecification","valueRequired":true,"valueName":"search_term_string"}}],"inLanguage":"de"}]}},"_links":{"self":[{"href":"https:\/\/www.dff-logistics.com\/de\/wp-json\/wp\/v2\/pages\/2790","targetHints":{"allow":["GET"]}}],"collection":[{"href":"https:\/\/www.dff-logistics.com\/de\/wp-json\/wp\/v2\/pages"}],"about":[{"href":"https:\/\/www.dff-logistics.com\/de\/wp-json\/wp\/v2\/types\/page"}],"author":[{"embeddable":true,"href":"https:\/\/www.dff-logistics.com\/de\/wp-json\/wp\/v2\/users\/5"}],"replies":[{"embeddable":true,"href":"https:\/\/www.dff-logistics.com\/de\/wp-json\/wp\/v2\/comments?post=2790"}],"version-history":[{"count":8,"href":"https:\/\/www.dff-logistics.com\/de\/wp-json\/wp\/v2\/pages\/2790\/revisions"}],"predecessor-version":[{"id":4052,"href":"https:\/\/www.dff-logistics.com\/de\/wp-json\/wp\/v2\/pages\/2790\/revisions\/4052"}],"wp:attachment":[{"href":"https:\/\/www.dff-logistics.com\/de\/wp-json\/wp\/v2\/media?parent=2790"}],"curies":[{"name":"wp","href":"https:\/\/api.w.org\/{rel}","templated":true}]}}